{"id":2358,"date":"2023-12-06T11:06:40","date_gmt":"2023-12-06T11:06:40","guid":{"rendered":"https:\/\/lyst.is\/?post_type=product&#038;p=2358"},"modified":"2025-09-03T13:02:28","modified_gmt":"2025-09-03T13:02:28","slug":"fiskur-graenmeti-klippikort","status":"publish","type":"product","link":"https:\/\/lyst.is\/en\/verslun\/lyst-en\/fiskur-graenmeti-klippikort\/","title":{"rendered":"Fiskur &#038; gr\u00e6nmeti klippikort"},"content":{"rendered":"<p>Klippikort \u00ed Fisk &amp; gr\u00e6nmeti<\/p>\n<p>10 skipti<\/p>\n<p>Fiskur &amp; gr\u00e6nmeti er \u00ed bo\u00f0i \u00e1 LYST alla virka daga milli 11:30-13:30<\/p>\n<p>Best a\u00f0 <a href=\"https:\/\/lyst.is\/panta-bord\/\">b\u00f3ka bor\u00f0<\/a><\/p>\n<p>&nbsp;<\/p>\n","protected":false},"excerpt":{"rendered":"<p>Klippikort \u00ed Fisk &amp; gr\u00e6nmeti 10 skipti Fiskur &amp; gr\u00e6nmeti er \u00ed bo\u00f0i \u00e1 LYST alla virka daga milli 11:30-13:30 Best a\u00f0 b\u00f3ka bor\u00f0 &nbsp;<\/p>\n","protected":false},"featured_media":2363,"template":"","meta":{"_acf_changed":false,"_price":"28000","_stock":"","_tribe_ticket_header":"","_tribe_default_ticket_provider":"","_tribe_ticket_capacity":"0","_ticket_start_date":"","_ticket_end_date":"","_tribe_ticket_show_description":"","_tribe_ticket_show_not_going":false,"_tribe_ticket_use_global_stock":"","_tribe_ticket_global_stock_level":"","_global_stock_mode":"","_global_stock_cap":"","_tribe_rsvp_for_event":"","_tribe_ticket_going_count":"","_tribe_ticket_not_going_count":"","_tribe_tickets_list":"[]","_tribe_ticket_has_attendee_info_fields":false,"_tec_slr_enabled":"","_tec_slr_layout":""},"product_brand":[],"product_cat":[23],"product_tag":[],"class_list":{"0":"post-2358","1":"product","2":"type-product","3":"status-publish","4":"has-post-thumbnail","6":"product_cat-lyst","8":"first","9":"instock","10":"taxable","11":"shipping-taxable","12":"purchasable","13":"product-type-simple"},"acf":[],"_links":{"self":[{"href":"https:\/\/lyst.is\/en\/wp-json\/wp\/v2\/product\/2358","targetHints":{"allow":["GET"]}}],"collection":[{"href":"https:\/\/lyst.is\/en\/wp-json\/wp\/v2\/product"}],"about":[{"href":"https:\/\/lyst.is\/en\/wp-json\/wp\/v2\/types\/product"}],"wp:featuredmedia":[{"embeddable":true,"href":"https:\/\/lyst.is\/en\/wp-json\/wp\/v2\/media\/2363"}],"wp:attachment":[{"href":"https:\/\/lyst.is\/en\/wp-json\/wp\/v2\/media?parent=2358"}],"wp:term":[{"taxonomy":"product_brand","embeddable":true,"href":"https:\/\/lyst.is\/en\/wp-json\/wp\/v2\/product_brand?post=2358"},{"taxonomy":"product_cat","embeddable":true,"href":"https:\/\/lyst.is\/en\/wp-json\/wp\/v2\/product_cat?post=2358"},{"taxonomy":"product_tag","embeddable":true,"href":"https:\/\/lyst.is\/en\/wp-json\/wp\/v2\/product_tag?post=2358"}],"curies":[{"name":"wp","href":"https:\/\/api.w.org\/{rel}","templated":true}]}}