{"id":2298,"date":"2023-12-05T12:09:20","date_gmt":"2023-12-05T12:09:20","guid":{"rendered":"https:\/\/lyst.is\/?post_type=product&#038;p=2298"},"modified":"2023-12-07T12:49:30","modified_gmt":"2023-12-07T12:49:30","slug":"el-flamingo-decafe","status":"publish","type":"product","link":"https:\/\/lyst.is\/en\/verslun\/coffeee-and-tea\/el-flamingo-decafe\/","title":{"rendered":"EL FLAMINGO \u2013 DECAF &#8211; 250g"},"content":{"rendered":"<p class=\"p1\">LAND \u2022\u2022\u2022\u2022\u2022\u2022\u2022\u2022\u2022\u2022\u2022\u2022\u2022\u2022\u2022\u2022\u2022\u2022\u2022\u2022\u2022\u2022\u2022\u2022\u2022\u2022\u2022\u2022\u2022\u2022\u2022\u2022\u2022\u2022\u2022\u2022\u2022\u2022\u2022\u2022\u2022\u2022\u2022\u00a0Mex\u00edk\u00f3<\/p>\n<p class=\"p1\">B\u00daGAR\u00d0UR \u2022\u2022\u2022\u2022\u2022\u2022\u2022\u2022\u2022\u2022\u2022\u2022\u2022\u2022\u2022\u2022\u2022\u2022\u2022\u2022\u2022\u2022\u2022\u2022\u2022\u2022\u2022\u2022\u2022\u2022 El Flamingo<\/p>\n<p class=\"p1\">H\u00c9RA\u00d0 \u2022\u2022\u2022\u2022\u2022\u2022\u2022\u2022\u2022\u2022\u2022\u2022\u2022\u2022\u2022\u2022\u2022\u2022\u2022\u2022\u2022\u2022\u2022\u2022\u2022\u2022\u2022\u2022\u2022\u2022\u2022\u2022\u2022\u2022\u2022\u2022\u2022\u2022\u2022\u2022Chiapas<\/p>\n<p class=\"p1\">H\u00c6\u00d0 YFIR SJ\u00c1VARM\u00c1LI \u2022\u2022\u2022\u2022\u2022\u2022\u2022\u2022\u00a01200-1500 metrar<\/p>\n<p class=\"p1\">VINNSLA \u2022\u2022\u2022\u2022\u2022\u2022\u2022\u2022\u2022\u2022\u2022\u2022\u2022\u2022\u2022\u2022\u2022\u2022\u2022\u2022\u2022\u2022\u2022\u2022\u2022\u2022\u2022\u2022\u2022\u2022\u2022\u2022\u2022\u2022\u2022\u2022\u2022\u2022\u2022\u00a0\u00a0\u00devegi\u00f0<\/p>\n<p class=\"p1\">AFBRIG\u00d0I \u2022\u2022\u2022\u2022\u2022\u2022\u2022\u2022\u2022\u2022\u2022\u2022\u2022\u2022\u2022\u2022\u2022\u2022\u00a0Caturra, Bourbon, Geisha<\/p>\n<p>KOFF\u00cdN FJARL\u00c6GT \u2022\u2022\u2022\u2022\u2022\u2022\u2022\u2022\u2022\u2022\u2022\u2022\u2022\u2022\u2022\u2022\u2022\u2022\u2022\u2022\u00a0CO2 a\u00f0fer\u00f0in<\/p>\n","protected":false},"excerpt":{"rendered":"<p>Kaffibaunir fr\u00e1 Mexico rista\u00f0ar af Reykjav\u00edk roasters.<\/p>\n<p>\u00deetta kaffi hefur mj\u00faka fyllingu og litla beiskju. Bragt\u00f3nar af hnetum, s\u00fakkula\u00f0i, karamellu og b\u00f6kunarkryddum.<\/p>\n","protected":false},"featured_media":2299,"template":"","meta":{"_acf_changed":false,"_price":"2600","_stock":"","_tribe_ticket_header":"","_tribe_default_ticket_provider":"","_tribe_ticket_capacity":"0","_ticket_start_date":"","_ticket_end_date":"","_tribe_ticket_show_description":"","_tribe_ticket_show_not_going":false,"_tribe_ticket_use_global_stock":"","_tribe_ticket_global_stock_level":"","_global_stock_mode":"","_global_stock_cap":"","_tribe_rsvp_for_event":"","_tribe_ticket_going_count":"","_tribe_ticket_not_going_count":"","_tribe_tickets_list":"[]","_tribe_ticket_has_attendee_info_fields":false,"_tec_slr_enabled":"","_tec_slr_layout":""},"product_brand":[],"product_cat":[21],"product_tag":[],"class_list":{"0":"post-2298","1":"product","2":"type-product","3":"status-publish","4":"has-post-thumbnail","6":"product_cat-kaffi-og-te","8":"first","9":"outofstock","10":"taxable","11":"shipping-taxable","12":"purchasable","13":"product-type-simple"},"acf":[],"_links":{"self":[{"href":"https:\/\/lyst.is\/en\/wp-json\/wp\/v2\/product\/2298","targetHints":{"allow":["GET"]}}],"collection":[{"href":"https:\/\/lyst.is\/en\/wp-json\/wp\/v2\/product"}],"about":[{"href":"https:\/\/lyst.is\/en\/wp-json\/wp\/v2\/types\/product"}],"wp:featuredmedia":[{"embeddable":true,"href":"https:\/\/lyst.is\/en\/wp-json\/wp\/v2\/media\/2299"}],"wp:attachment":[{"href":"https:\/\/lyst.is\/en\/wp-json\/wp\/v2\/media?parent=2298"}],"wp:term":[{"taxonomy":"product_brand","embeddable":true,"href":"https:\/\/lyst.is\/en\/wp-json\/wp\/v2\/product_brand?post=2298"},{"taxonomy":"product_cat","embeddable":true,"href":"https:\/\/lyst.is\/en\/wp-json\/wp\/v2\/product_cat?post=2298"},{"taxonomy":"product_tag","embeddable":true,"href":"https:\/\/lyst.is\/en\/wp-json\/wp\/v2\/product_tag?post=2298"}],"curies":[{"name":"wp","href":"https:\/\/api.w.org\/{rel}","templated":true}]}}