{"id":2290,"date":"2023-12-05T11:44:16","date_gmt":"2023-12-05T11:44:16","guid":{"rendered":"https:\/\/lyst.is\/?post_type=product&#038;p=2290"},"modified":"2023-12-05T11:55:10","modified_gmt":"2023-12-05T11:55:10","slug":"mariano","status":"publish","type":"product","link":"https:\/\/lyst.is\/en\/verslun\/coffeee-and-tea\/mariano\/","title":{"rendered":"MARIANO &#8211; 250g"},"content":{"rendered":"<p>&nbsp;<\/p>\n<p class=\"p1\">LAND \u2022\u2022\u2022\u2022\u2022\u2022\u2022\u2022\u2022\u2022\u2022\u2022\u2022\u2022\u2022\u2022\u2022\u2022\u2022\u2022\u2022\u2022\u2022\u2022\u2022\u2022\u2022\u2022\u2022\u2022\u2022\u2022\u2022\u2022\u2022\u2022\u2022\u2022\u2022\u2022\u2022\u2022\u2022\u2022\u2022\u2022\u2022\u2022\u2022\u2022\u2022\u2022Brasil\u00eda<\/p>\n<p class=\"p1\">FRAMLEI\u00d0ANDI \u2022\u2022\u2022\u2022\u2022\u2022\u2022\u2022\u2022\u2022\u2022\u2022\u2022\u2022\u00a0Henrique og Ricardo Barbosa<\/p>\n<p class=\"p1\">H\u00c9RA\u00d0 \u2022\u2022\u2022\u2022\u2022\u2022\u2022\u2022\u2022\u2022\u2022\u2022\u2022\u2022\u2022\u2022\u2022\u2022\u2022\u2022\u2022\u2022\u2022\u2022\u2022Poc\u0327os de Caldas, Sul de Minas<\/p>\n<p class=\"p1\">H\u00c6\u00d0 YFIR SJ\u00c1VARM\u00c1LI \u2022\u2022\u2022\u2022\u2022\u2022\u2022\u2022\u2022\u2022\u2022\u2022\u2022\u2022\u2022\u2022\u2022\u2022\u2022980-1100 metrar<\/p>\n<p class=\"p1\">VINNSLA \u2022\u2022\u2022\u2022\u2022\u2022\u2022\u2022\u2022\u2022\u2022\u2022\u2022\u2022\u2022\u2022\u2022\u2022\u2022\u2022\u2022\u2022\u2022\u2022\u2022\u2022\u2022\u2022\u2022\u2022\u2022\u2022\u2022\u2022\u2022\u2022\u2022\u2022\u2022\u2022\u2022\u2022\u2022\u00a0\u00a0H\u00e1lf\u00fevegi\u00f0<\/p>\n<p class=\"p1\">AFBRIG\u00d0I \u2022\u2022\u2022\u2022\u2022\u2022\u2022\u2022\u2022\u2022\u2022\u2022\u2022\u2022\u2022\u2022\u2022\u2022\u2022\u2022\u2022\u2022\u2022\u2022\u2022\u2022\u2022\u2022\u2022\u2022\u2022\u2022\u2022\u2022\u2022\u2022\u2022\u2022\u2022\u00a0Gult Bourbon<\/p>\n","protected":false},"excerpt":{"rendered":"<p>Kaffibaunir fr\u00e1 Brasil\u00edu rista\u00f0ar af Reykjav\u00edk roasters.<\/p>\n<p>S\u00e6tt kaffi me\u00f0 mj\u00faka fyllingu og brag\u00f0t\u00f3na sem minna \u00e1 m\u00f6ndlur, s\u00fakkula\u00f0i og malt. L\u00e1g og f\u00ednleg s\u00fdra sem minnir \u00e1 mandar\u00ednur.<\/p>\n","protected":false},"featured_media":2292,"template":"","meta":{"_acf_changed":false,"_price":"1800","_stock":"","_tribe_ticket_header":"","_tribe_default_ticket_provider":"","_tribe_ticket_capacity":"0","_ticket_start_date":"","_ticket_end_date":"","_tribe_ticket_show_description":"","_tribe_ticket_show_not_going":false,"_tribe_ticket_use_global_stock":"","_tribe_ticket_global_stock_level":"","_global_stock_mode":"","_global_stock_cap":"","_tribe_rsvp_for_event":"","_tribe_ticket_going_count":"","_tribe_ticket_not_going_count":"","_tribe_tickets_list":"[]","_tribe_ticket_has_attendee_info_fields":false,"_tec_slr_enabled":"","_tec_slr_layout":""},"product_brand":[],"product_cat":[21],"product_tag":[],"class_list":{"0":"post-2290","1":"product","2":"type-product","3":"status-publish","4":"has-post-thumbnail","6":"product_cat-kaffi-og-te","8":"first","9":"instock","10":"taxable","11":"shipping-taxable","12":"purchasable","13":"product-type-simple"},"acf":[],"_links":{"self":[{"href":"https:\/\/lyst.is\/en\/wp-json\/wp\/v2\/product\/2290","targetHints":{"allow":["GET"]}}],"collection":[{"href":"https:\/\/lyst.is\/en\/wp-json\/wp\/v2\/product"}],"about":[{"href":"https:\/\/lyst.is\/en\/wp-json\/wp\/v2\/types\/product"}],"wp:featuredmedia":[{"embeddable":true,"href":"https:\/\/lyst.is\/en\/wp-json\/wp\/v2\/media\/2292"}],"wp:attachment":[{"href":"https:\/\/lyst.is\/en\/wp-json\/wp\/v2\/media?parent=2290"}],"wp:term":[{"taxonomy":"product_brand","embeddable":true,"href":"https:\/\/lyst.is\/en\/wp-json\/wp\/v2\/product_brand?post=2290"},{"taxonomy":"product_cat","embeddable":true,"href":"https:\/\/lyst.is\/en\/wp-json\/wp\/v2\/product_cat?post=2290"},{"taxonomy":"product_tag","embeddable":true,"href":"https:\/\/lyst.is\/en\/wp-json\/wp\/v2\/product_tag?post=2290"}],"curies":[{"name":"wp","href":"https:\/\/api.w.org\/{rel}","templated":true}]}}