{"id":2105,"date":"2023-11-29T09:31:12","date_gmt":"2023-11-29T09:31:12","guid":{"rendered":"https:\/\/lyst.is\/?post_type=product&#038;p=2105"},"modified":"2024-08-21T09:50:38","modified_gmt":"2024-08-21T09:50:38","slug":"skonsa","status":"publish","type":"product","link":"https:\/\/lyst.is\/en\/verslun\/braud-co-en\/skonsa\/","title":{"rendered":"Skonsa"},"content":{"rendered":"","protected":false},"excerpt":{"rendered":"<p>Innihald: Hveiti (Tipo 00), s\u00farmj\u00f3lk, smj\u00f6r (rj\u00f3mi, salt), hr\u00e1sykur, r\u00fas\u00ednur, d\u00f6kkt s\u00fakkula\u00f0i (sykur, kak\u00f3massi, kak\u00f3smj\u00f6r, \u00fdruefni (E322, inniheldur soja), brag\u00f0efni), lyftiefni (E500), sj\u00e1varsalt, egg, N\u00fdmj\u00f3lk.<\/p>\n","protected":false},"featured_media":2107,"template":"","meta":{"_acf_changed":false,"_price":"800","_stock":"","_tribe_ticket_header":"","_tribe_default_ticket_provider":"","_tribe_ticket_capacity":"0","_ticket_start_date":"","_ticket_end_date":"","_tribe_ticket_show_description":"","_tribe_ticket_show_not_going":false,"_tribe_ticket_use_global_stock":"","_tribe_ticket_global_stock_level":"","_global_stock_mode":"","_global_stock_cap":"","_tribe_rsvp_for_event":"","_tribe_ticket_going_count":"","_tribe_ticket_not_going_count":"","_tribe_tickets_list":"[]","_tribe_ticket_has_attendee_info_fields":false,"_tec_slr_enabled":"","_tec_slr_layout":""},"product_brand":[],"product_cat":[20],"product_tag":[],"class_list":{"0":"post-2105","1":"product","2":"type-product","3":"status-publish","4":"has-post-thumbnail","6":"product_cat-braud-co","8":"first","9":"instock","10":"taxable","11":"shipping-taxable","12":"purchasable","13":"product-type-simple"},"acf":[],"_links":{"self":[{"href":"https:\/\/lyst.is\/en\/wp-json\/wp\/v2\/product\/2105","targetHints":{"allow":["GET"]}}],"collection":[{"href":"https:\/\/lyst.is\/en\/wp-json\/wp\/v2\/product"}],"about":[{"href":"https:\/\/lyst.is\/en\/wp-json\/wp\/v2\/types\/product"}],"wp:featuredmedia":[{"embeddable":true,"href":"https:\/\/lyst.is\/en\/wp-json\/wp\/v2\/media\/2107"}],"wp:attachment":[{"href":"https:\/\/lyst.is\/en\/wp-json\/wp\/v2\/media?parent=2105"}],"wp:term":[{"taxonomy":"product_brand","embeddable":true,"href":"https:\/\/lyst.is\/en\/wp-json\/wp\/v2\/product_brand?post=2105"},{"taxonomy":"product_cat","embeddable":true,"href":"https:\/\/lyst.is\/en\/wp-json\/wp\/v2\/product_cat?post=2105"},{"taxonomy":"product_tag","embeddable":true,"href":"https:\/\/lyst.is\/en\/wp-json\/wp\/v2\/product_tag?post=2105"}],"curies":[{"name":"wp","href":"https:\/\/api.w.org\/{rel}","templated":true}]}}