{"id":1111,"date":"2023-11-09T13:49:19","date_gmt":"2023-11-09T13:49:19","guid":{"rendered":"https:\/\/lyst.is\/?post_type=product&#038;p=1111"},"modified":"2024-12-05T10:39:15","modified_gmt":"2024-12-05T10:39:15","slug":"rugbraud","status":"publish","type":"product","link":"https:\/\/lyst.is\/en\/verslun\/braud-co-en\/rugbraud\/","title":{"rendered":"R\u00fagbrau\u00f0"},"content":{"rendered":"<p class=\"x_MsoNormal\"><span data-ogsc=\"rgb(18, 19, 26)\" data-ogsb=\"white\">\u00de\u00fa getur panta\u00f0 brau\u00f0 og sn\u00fa\u00f0a fr\u00e1 besta bakar\u00ed \u00cdslands og fengi\u00f0 afhent \u00e1 LYST \u00ed Lystigar\u00f0inum!<\/span><\/p>\n<p>\u00deessi v\u00f6ru er eing\u00f6ngu h\u00e6gt a\u00f0 s\u00e6kja<\/p>\n<p>Pantanir eru afgreiddar \u00e1 f\u00f6stud\u00f6gum.<br \/>\nPantanir ver\u00f0a a\u00f0 berast fyrir kl 24:00 \u00e1 mi\u00f0vikud\u00f6gum annars f\u00e6rast \u00fe\u00e6r yfir \u00e1 n\u00e6sta f\u00f6studag.<\/p>\n","protected":false},"excerpt":{"rendered":"<div class=\"main-content\">\n<div>\n<p>Innihald:<\/p>\n<p>Vatn,\u00a0<strong>r\u00fagmj\u00f6l, r\u00fagkjarnar<\/strong>, graskersfr\u00e6, s\u00f3lkjarnafr\u00e6, sj\u00e1varsalt, malt\u00feykkni (\u00far\u00a0<strong>byggi), hveiti<\/strong> (Tipo 00).<\/p>\n<\/div>\n<\/div>\n<div class=\"footer\">\n<div><\/div>\n<\/div>\n","protected":false},"featured_media":1112,"template":"","meta":{"_acf_changed":false,"_price":"2100","_stock":"","_tribe_ticket_header":"","_tribe_default_ticket_provider":"","_tribe_ticket_capacity":"0","_ticket_start_date":"","_ticket_end_date":"","_tribe_ticket_show_description":"","_tribe_ticket_show_not_going":false,"_tribe_ticket_use_global_stock":"","_tribe_ticket_global_stock_level":"","_global_stock_mode":"","_global_stock_cap":"","_tribe_rsvp_for_event":"","_tribe_ticket_going_count":"","_tribe_ticket_not_going_count":"","_tribe_tickets_list":"[]","_tribe_ticket_has_attendee_info_fields":false,"_tec_slr_enabled":"","_tec_slr_layout":""},"product_brand":[],"product_cat":[20],"product_tag":[],"class_list":{"0":"post-1111","1":"product","2":"type-product","3":"status-publish","4":"has-post-thumbnail","6":"product_cat-braud-co","8":"first","9":"instock","10":"taxable","11":"shipping-taxable","12":"purchasable","13":"product-type-simple"},"acf":[],"_links":{"self":[{"href":"https:\/\/lyst.is\/en\/wp-json\/wp\/v2\/product\/1111","targetHints":{"allow":["GET"]}}],"collection":[{"href":"https:\/\/lyst.is\/en\/wp-json\/wp\/v2\/product"}],"about":[{"href":"https:\/\/lyst.is\/en\/wp-json\/wp\/v2\/types\/product"}],"wp:featuredmedia":[{"embeddable":true,"href":"https:\/\/lyst.is\/en\/wp-json\/wp\/v2\/media\/1112"}],"wp:attachment":[{"href":"https:\/\/lyst.is\/en\/wp-json\/wp\/v2\/media?parent=1111"}],"wp:term":[{"taxonomy":"product_brand","embeddable":true,"href":"https:\/\/lyst.is\/en\/wp-json\/wp\/v2\/product_brand?post=1111"},{"taxonomy":"product_cat","embeddable":true,"href":"https:\/\/lyst.is\/en\/wp-json\/wp\/v2\/product_cat?post=1111"},{"taxonomy":"product_tag","embeddable":true,"href":"https:\/\/lyst.is\/en\/wp-json\/wp\/v2\/product_tag?post=1111"}],"curies":[{"name":"wp","href":"https:\/\/api.w.org\/{rel}","templated":true}]}}