{"id":1019,"date":"2023-11-07T15:04:48","date_gmt":"2023-11-07T15:04:48","guid":{"rendered":"https:\/\/lyst.is\/?post_type=product&#038;p=1019"},"modified":"2023-12-06T11:39:36","modified_gmt":"2023-12-06T11:39:36","slug":"dona-darko-250-gr","status":"publish","type":"product","link":"https:\/\/lyst.is\/en\/verslun\/coffeee-and-tea\/dona-darko-250-gr\/","title":{"rendered":"DONA DARKO 250g"},"content":{"rendered":"<p><strong>Uppruni<\/strong>: Minas Gerais \u00ed Brasil\u00edu<br \/>\n<strong>Fylki<\/strong>: Mogiana, 1000-1400m<br \/>\n<strong>Vinnsla<\/strong>: Hunangsvinnsla<br \/>\n<strong>Afbrig\u00f0i<\/strong>: Gulur Bourbon<\/p>\n","protected":false},"excerpt":{"rendered":"<p>Kaffibaunir fr\u00e1 Brasil\u00edu rista\u00f0ar af Reykjav\u00edk roasters<\/p>\n<p>Hi\u00f0 dularfulla hli\u00f0arsj\u00e1lf Dona Nenem hefur mikla fyllingu og afgerandi brag\u00f0i af t\u00f3baki, d\u00f6kku s\u00fakkula\u00f0i og brenndri karamellu. \u00dea\u00f0 sem er einkennandi er l\u00e1g s\u00fdra, mildir t\u00f3nar af heslihnetu me\u00f0 s\u00e6tri beiskju og l\u00f6ngu eftirbrag\u00f0i.<\/p>\n<p>&nbsp;<\/p>\n","protected":false},"featured_media":2303,"template":"","meta":{"_acf_changed":false,"_price":"1700","_stock":"","_tribe_ticket_header":"","_tribe_default_ticket_provider":"","_tribe_ticket_capacity":"0","_ticket_start_date":"","_ticket_end_date":"","_tribe_ticket_show_description":"","_tribe_ticket_show_not_going":false,"_tribe_ticket_use_global_stock":"","_tribe_ticket_global_stock_level":"","_global_stock_mode":"","_global_stock_cap":"","_tribe_rsvp_for_event":"","_tribe_ticket_going_count":"","_tribe_ticket_not_going_count":"","_tribe_tickets_list":"[]","_tribe_ticket_has_attendee_info_fields":false,"_tec_slr_enabled":"","_tec_slr_layout":""},"product_brand":[],"product_cat":[21],"product_tag":[],"class_list":{"0":"post-1019","1":"product","2":"type-product","3":"status-publish","4":"has-post-thumbnail","6":"product_cat-kaffi-og-te","8":"first","9":"outofstock","10":"taxable","11":"shipping-taxable","12":"purchasable","13":"product-type-simple"},"acf":[],"_links":{"self":[{"href":"https:\/\/lyst.is\/en\/wp-json\/wp\/v2\/product\/1019","targetHints":{"allow":["GET"]}}],"collection":[{"href":"https:\/\/lyst.is\/en\/wp-json\/wp\/v2\/product"}],"about":[{"href":"https:\/\/lyst.is\/en\/wp-json\/wp\/v2\/types\/product"}],"wp:featuredmedia":[{"embeddable":true,"href":"https:\/\/lyst.is\/en\/wp-json\/wp\/v2\/media\/2303"}],"wp:attachment":[{"href":"https:\/\/lyst.is\/en\/wp-json\/wp\/v2\/media?parent=1019"}],"wp:term":[{"taxonomy":"product_brand","embeddable":true,"href":"https:\/\/lyst.is\/en\/wp-json\/wp\/v2\/product_brand?post=1019"},{"taxonomy":"product_cat","embeddable":true,"href":"https:\/\/lyst.is\/en\/wp-json\/wp\/v2\/product_cat?post=1019"},{"taxonomy":"product_tag","embeddable":true,"href":"https:\/\/lyst.is\/en\/wp-json\/wp\/v2\/product_tag?post=1019"}],"curies":[{"name":"wp","href":"https:\/\/api.w.org\/{rel}","templated":true}]}}