{"id":1018,"date":"2023-11-07T15:01:53","date_gmt":"2023-11-07T15:01:53","guid":{"rendered":"https:\/\/lyst.is\/?post_type=product&#038;p=1018"},"modified":"2023-12-06T11:39:03","modified_gmt":"2023-12-06T11:39:03","slug":"dona-nenem","status":"publish","type":"product","link":"https:\/\/lyst.is\/en\/verslun\/coffeee-and-tea\/dona-nenem\/","title":{"rendered":"DONA NENEM 250g"},"content":{"rendered":"<p><strong>Uppruni<\/strong>: Minas Gerais \u00ed Brasil\u00edu<br \/>\n<strong>Fylki<\/strong>: Mogiana, 1000-1400m<br \/>\n<strong>Vinnsla<\/strong>: Hunangsvinnsla<br \/>\n<strong>Afbrig\u00f0i<\/strong>: Gulur Bourbon<\/p>\n","protected":false},"excerpt":{"rendered":"<p>Kaffibaunir fr\u00e1 Brasil\u00edu rista\u00f0ar af Reykjav\u00edk Roasters<\/p>\n<p>Vel fyllt kaffi me\u00f0 afgerandi brag\u00f0i af heslihnetum og angan af s\u00e6tu t\u00f3baki.<br \/>\nL\u00e1g s\u00fdra og langt eftirbrag\u00f0 af d\u00f6kku s\u00fakkla\u00f0i og r\u00fas\u00ednum<\/p>\n","protected":false},"featured_media":2301,"template":"","meta":{"_acf_changed":false,"_price":"1700","_stock":"","_tribe_ticket_header":"","_tribe_default_ticket_provider":"","_tribe_ticket_capacity":"0","_ticket_start_date":"","_ticket_end_date":"","_tribe_ticket_show_description":"","_tribe_ticket_show_not_going":false,"_tribe_ticket_use_global_stock":"","_tribe_ticket_global_stock_level":"","_global_stock_mode":"","_global_stock_cap":"","_tribe_rsvp_for_event":"","_tribe_ticket_going_count":"","_tribe_ticket_not_going_count":"","_tribe_tickets_list":"[]","_tribe_ticket_has_attendee_info_fields":false,"_tec_slr_enabled":"","_tec_slr_layout":""},"product_brand":[],"product_cat":[21],"product_tag":[],"class_list":{"0":"post-1018","1":"product","2":"type-product","3":"status-publish","4":"has-post-thumbnail","6":"product_cat-kaffi-og-te","8":"first","9":"outofstock","10":"taxable","11":"shipping-taxable","12":"purchasable","13":"product-type-simple"},"acf":[],"_links":{"self":[{"href":"https:\/\/lyst.is\/en\/wp-json\/wp\/v2\/product\/1018","targetHints":{"allow":["GET"]}}],"collection":[{"href":"https:\/\/lyst.is\/en\/wp-json\/wp\/v2\/product"}],"about":[{"href":"https:\/\/lyst.is\/en\/wp-json\/wp\/v2\/types\/product"}],"wp:featuredmedia":[{"embeddable":true,"href":"https:\/\/lyst.is\/en\/wp-json\/wp\/v2\/media\/2301"}],"wp:attachment":[{"href":"https:\/\/lyst.is\/en\/wp-json\/wp\/v2\/media?parent=1018"}],"wp:term":[{"taxonomy":"product_brand","embeddable":true,"href":"https:\/\/lyst.is\/en\/wp-json\/wp\/v2\/product_brand?post=1018"},{"taxonomy":"product_cat","embeddable":true,"href":"https:\/\/lyst.is\/en\/wp-json\/wp\/v2\/product_cat?post=1018"},{"taxonomy":"product_tag","embeddable":true,"href":"https:\/\/lyst.is\/en\/wp-json\/wp\/v2\/product_tag?post=1018"}],"curies":[{"name":"wp","href":"https:\/\/api.w.org\/{rel}","templated":true}]}}