{"id":1012,"date":"2023-11-07T14:47:53","date_gmt":"2023-11-07T14:47:53","guid":{"rendered":"https:\/\/lyst.is\/?post_type=product&#038;p=1012"},"modified":"2023-11-07T14:48:39","modified_gmt":"2023-11-07T14:48:39","slug":"pinnaspilid","status":"publish","type":"product","link":"https:\/\/lyst.is\/en\/verslun\/other\/pinnaspilid\/","title":{"rendered":"Pinnaspili\u00f0"},"content":{"rendered":"<p>Pinna spili\u00f0 er au\u00f0velt \u00ed spilun! Losna\u00f0u vi\u00f0 alla pinna \u00e1 hendi, sko\u00f0a\u00f0u reglurnar\u00a0<a href=\"https:\/\/pingame.is\/\">h\u00e9r<\/a><\/p>\n","protected":false},"excerpt":{"rendered":"<p>Pinna spili\u00f0 er au\u00f0velt \u00ed spilun! Losna\u00f0u vi\u00f0 alla pinna \u00e1 hendi, sko\u00f0a\u00f0u reglurnar\u00a0h\u00e9r<\/p>\n","protected":false},"featured_media":1009,"template":"","meta":{"_acf_changed":false,"_price":"5000","_stock":"","_tribe_ticket_header":"","_tribe_default_ticket_provider":"","_tribe_ticket_capacity":"0","_ticket_start_date":"","_ticket_end_date":"","_tribe_ticket_show_description":"","_tribe_ticket_show_not_going":false,"_tribe_ticket_use_global_stock":"","_tribe_ticket_global_stock_level":"","_global_stock_mode":"","_global_stock_cap":"","_tribe_rsvp_for_event":"","_tribe_ticket_going_count":"","_tribe_ticket_not_going_count":"","_tribe_tickets_list":"[]","_tribe_ticket_has_attendee_info_fields":false,"_tec_slr_enabled":"","_tec_slr_layout":""},"product_brand":[],"product_cat":[25],"product_tag":[],"class_list":{"0":"post-1012","1":"product","2":"type-product","3":"status-publish","4":"has-post-thumbnail","6":"product_cat-annad","8":"first","9":"instock","10":"taxable","11":"shipping-taxable","12":"purchasable","13":"product-type-simple"},"acf":[],"_links":{"self":[{"href":"https:\/\/lyst.is\/en\/wp-json\/wp\/v2\/product\/1012","targetHints":{"allow":["GET"]}}],"collection":[{"href":"https:\/\/lyst.is\/en\/wp-json\/wp\/v2\/product"}],"about":[{"href":"https:\/\/lyst.is\/en\/wp-json\/wp\/v2\/types\/product"}],"wp:featuredmedia":[{"embeddable":true,"href":"https:\/\/lyst.is\/en\/wp-json\/wp\/v2\/media\/1009"}],"wp:attachment":[{"href":"https:\/\/lyst.is\/en\/wp-json\/wp\/v2\/media?parent=1012"}],"wp:term":[{"taxonomy":"product_brand","embeddable":true,"href":"https:\/\/lyst.is\/en\/wp-json\/wp\/v2\/product_brand?post=1012"},{"taxonomy":"product_cat","embeddable":true,"href":"https:\/\/lyst.is\/en\/wp-json\/wp\/v2\/product_cat?post=1012"},{"taxonomy":"product_tag","embeddable":true,"href":"https:\/\/lyst.is\/en\/wp-json\/wp\/v2\/product_tag?post=1012"}],"curies":[{"name":"wp","href":"https:\/\/api.w.org\/{rel}","templated":true}]}}